{"id":10900,"date":"2022-04-06T14:46:33","date_gmt":"2022-04-06T14:46:33","guid":{"rendered":"https:\/\/sariciconsulting.com\/contact-us\/"},"modified":"2024-06-03T14:21:17","modified_gmt":"2024-06-03T14:21:17","slug":"contact-us","status":"publish","type":"page","link":"https:\/\/sariciconsulting.com\/en\/contact-us\/","title":{"rendered":"Contact us"},"content":{"rendered":"\t\t<div data-elementor-type=\"wp-page\" data-elementor-id=\"10900\" class=\"elementor elementor-10900 elementor-8064\" data-elementor-post-type=\"page\">\n\t\t\t\t<div class=\"elementor-element elementor-element-d1717f9 e-flex e-con-boxed e-con e-parent\" data-id=\"d1717f9\" data-element_type=\"container\" data-settings=\"{&quot;background_background&quot;:&quot;classic&quot;}\" data-core-v316-plus=\"true\">\n\t\t\t\t\t<div class=\"e-con-inner\">\n\t\t\t\t<div class=\"elementor-element elementor-element-39b649a elementor-widget elementor-widget-heading\" data-id=\"39b649a\" data-element_type=\"widget\" data-widget_type=\"heading.default\">\n\t\t\t\t<div class=\"elementor-widget-container\">\n\t\t\t<style>\/*! elementor - v3.20.0 - 10-04-2024 *\/\n.elementor-heading-title{padding:0;margin:0;line-height:1}.elementor-widget-heading .elementor-heading-title[class*=elementor-size-]>a{color:inherit;font-size:inherit;line-height:inherit}.elementor-widget-heading .elementor-heading-title.elementor-size-small{font-size:15px}.elementor-widget-heading .elementor-heading-title.elementor-size-medium{font-size:19px}.elementor-widget-heading .elementor-heading-title.elementor-size-large{font-size:29px}.elementor-widget-heading .elementor-heading-title.elementor-size-xl{font-size:39px}.elementor-widget-heading .elementor-heading-title.elementor-size-xxl{font-size:59px}<\/style><h2 class=\"elementor-heading-title elementor-size-default\">Contact us<\/h2>\t\t<\/div>\n\t\t\t\t<\/div>\n\t\t\t\t\t<\/div>\n\t\t\t\t<\/div>\n\t\t<div class=\"elementor-element elementor-element-323c043 e-flex e-con-boxed e-con e-parent\" data-id=\"323c043\" data-element_type=\"container\" data-core-v316-plus=\"true\">\n\t\t\t\t\t<div class=\"e-con-inner\">\n\t\t\t\t<div class=\"elementor-element elementor-element-04ea5dc elementor-widget elementor-widget-hub_fancy_heading\" data-id=\"04ea5dc\" data-element_type=\"widget\" data-widget_type=\"hub_fancy_heading.default\">\n\t\t\t\t<div class=\"elementor-widget-container\">\n\t\t\t\n\t\t<div id=\"ld-fancy-heading-69de25657239b\" class=\"ld-fancy-heading pos-rel\">\n\t\t\t<p class=\"ld-fh-element d-inline-block pos-rel  lqd-highlight-classic lqd-highlight-grow-left p\"  > \u0130stinye Park Al\u0131\u015fveri\u015f Merkezi Katar Bay\u0131r\u0131 Caddesi Kat: -2 No: 162 - 183 Sar\u0131yer\/\u0130STANBUL<\/p>\t\t<\/div>\n\n\t\t\t\t<\/div>\n\t\t\t\t<\/div>\n\t\t\t\t<div class=\"elementor-element elementor-element-5db40df elementor-widget elementor-widget-hub_fancy_heading\" data-id=\"5db40df\" data-element_type=\"widget\" data-widget_type=\"hub_fancy_heading.default\">\n\t\t\t\t<div class=\"elementor-widget-container\">\n\t\t\t\n\t\t<div id=\"ld-fancy-heading-69de25657356c\" class=\"ld-fancy-heading pos-rel\">\n\t\t\t<p class=\"ld-fh-element d-inline-block pos-rel  lqd-highlight-classic lqd-highlight-grow-left p\"  > (+90) 533 541 1526<\/p>\t\t<\/div>\n\n\t\t\t\t<\/div>\n\t\t\t\t<\/div>\n\t\t\t\t<div class=\"elementor-element elementor-element-6f17175 elementor-widget elementor-widget-hub_fancy_heading\" data-id=\"6f17175\" data-element_type=\"widget\" data-widget_type=\"hub_fancy_heading.default\">\n\t\t\t\t<div class=\"elementor-widget-container\">\n\t\t\t\n\t\t<div id=\"ld-fancy-heading-69de2565744b6\" class=\"ld-fancy-heading pos-rel\">\n\t\t\t<p class=\"ld-fh-element d-inline-block pos-rel  lqd-highlight-classic lqd-highlight-grow-left p\"  > info@sariciconsulting.com<\/p>\t\t<\/div>\n\n\t\t\t\t<\/div>\n\t\t\t\t<\/div>\n\t\t\t\t\t<\/div>\n\t\t\t\t<\/div>\n\t\t\t\t<section class=\"elementor-section elementor-top-section elementor-element elementor-element-2ca6136a elementor-section-content-middle elementor-section-boxed elementor-section-height-default elementor-section-height-default\" data-id=\"2ca6136a\" data-element_type=\"section\" id=\"contact-section\">\n\t\t\t\t\t\t<div class=\"elementor-container elementor-column-gap-default\">\n\t\t\t\t\t<div class=\"elementor-column elementor-col-100 elementor-top-column elementor-element elementor-element-12130c2d\" data-id=\"12130c2d\" data-element_type=\"column\">\n\t\t\t<div class=\"elementor-widget-wrap elementor-element-populated\">\n\t\t\t\t\t\t<div class=\"elementor-element elementor-element-5bd7a672 elementor-widget elementor-widget-ld_cf722\" data-id=\"5bd7a672\" data-element_type=\"widget\" data-widget_type=\"ld_cf722.default\">\n\t\t\t\t<div class=\"elementor-widget-container\">\n\t\t\t\n\t<div class=\"lqd-contact-form lqd-contact-form-inputs-underlined lqd-contact-form-inputs-border-none lqd-contact-form-button-block lqd-contact-form-button-lg lqd-contact-form-inputs-sm\" >\n\t\t\n<div class=\"wpcf7 no-js\" id=\"wpcf7-f8895-o1\" lang=\"tr-TR\" dir=\"ltr\">\n<div class=\"screen-reader-response\"><p role=\"status\" aria-live=\"polite\" aria-atomic=\"true\"><\/p> <ul><\/ul><\/div>\n<form action=\"\/en\/wp-json\/wp\/v2\/pages\/10900#wpcf7-f8895-o1\" method=\"post\" class=\"wpcf7-form init\" aria-label=\"Contact form\" novalidate=\"novalidate\" data-status=\"init\">\n<div style=\"display: none;\">\n<input type=\"hidden\" name=\"_wpcf7\" value=\"8895\" \/>\n<input type=\"hidden\" name=\"_wpcf7_version\" value=\"5.9.3\" \/>\n<input type=\"hidden\" name=\"_wpcf7_locale\" value=\"tr_TR\" \/>\n<input type=\"hidden\" name=\"_wpcf7_unit_tag\" value=\"wpcf7-f8895-o1\" \/>\n<input type=\"hidden\" name=\"_wpcf7_container_post\" value=\"0\" \/>\n<input type=\"hidden\" name=\"_wpcf7_posted_data_hash\" value=\"\" \/>\n<\/div>\n<style>\n@media (max-width:991px){.modal-b{border:1px solid #C6C6C6!important;}}\n.modal-b{\nborder:1px solid #C6C6C6;\n}\n.modal-bl-n{\nborder-left:none;\n}\n.modal-bb-n{\nborder-bottom:none;\n}\n.modal-p{\npadding:20px 10px 15px 20px;\nbackground:#fff;\n}\n.modal-text{\nmargin: 0; color: #4B4B4C; font-size: 14px;\n}\n<\/style>\n<div class=\"row p3\">\n\t<div class=\"col-md-6 modal-p modal-b modal-bb-n\">\n\t\t<p class=\"modal-text\">Ad\u0131n\u0131z\n\t\t<\/p>\n\t\t<p><span class=\"wpcf7-form-control-wrap\" data-name=\"name-619\"><input size=\"40\" class=\"wpcf7-form-control wpcf7-text wpcf7-validates-as-required\" aria-required=\"true\" aria-invalid=\"false\" placeholder=\"Ad\u0131n\u0131z...\" value=\"\" type=\"text\" name=\"name-619\" \/><\/span>\n\t\t<\/p>\n\t<\/div>\n\t<div class=\"col-md-6 modal-p modal-b modal-bb-n modal-bl-n\">\n\t\t<p class=\"modal-text\">E-Mail Adresi\n\t\t<\/p>\n\t\t<p><span class=\"wpcf7-form-control-wrap\" data-name=\"email-899\"><input size=\"40\" class=\"wpcf7-form-control wpcf7-email wpcf7-validates-as-required wpcf7-text wpcf7-validates-as-email\" aria-required=\"true\" aria-invalid=\"false\" placeholder=\"E-Mail adresi...\" value=\"\" type=\"email\" name=\"email-899\" \/><\/span>\n\t\t<\/p>\n\t<\/div>\n\t<div class=\"col-md-6 modal-p modal-b modal-bb-n\">\n\t\t<p class=\"modal-text\">Telefon\n\t\t<\/p>\n\t\t<p><span class=\"wpcf7-form-control-wrap\" data-name=\"tel-785\"><input size=\"40\" class=\"wpcf7-form-control wpcf7-tel wpcf7-text wpcf7-validates-as-tel\" aria-invalid=\"false\" placeholder=\"Telefon...\" value=\"\" type=\"tel\" name=\"tel-785\" \/><\/span>\n\t\t<\/p>\n\t<\/div>\n\t<div class=\"col-md-6 modal-p modal-b modal-bb-n modal-bl-n\">\n\t\t<p class=\"modal-text\">Konu\n\t\t<\/p>\n\t\t<p><span class=\"wpcf7-form-control-wrap\" data-name=\"text-992\"><input size=\"40\" class=\"wpcf7-form-control wpcf7-text wpcf7-validates-as-required\" aria-required=\"true\" aria-invalid=\"false\" placeholder=\"Konu...\" value=\"\" type=\"text\" name=\"text-992\" \/><\/span>\n\t\t<\/p>\n\t<\/div>\n\t<div class=\"col-md-12 modal-p modal-b\">\n\t\t<p class=\"modal-text\">Mesaj\u0131n\u0131z\n\t\t<\/p>\n\t\t<p><span class=\"wpcf7-form-control-wrap\" data-name=\"message-889\"><textarea cols=\"10\" rows=\"5\" class=\"wpcf7-form-control wpcf7-textarea wpcf7-validates-as-required\" aria-required=\"true\" aria-invalid=\"false\" placeholder=\"Mesaj\u0131n\u0131z\" name=\"message-889\"><\/textarea><\/span>\n\t\t<\/p>\n\t<\/div>\n\t<div class=\"col-md-12 p-0 mt-4 mb-4\" style=\"font-size: 12px;\">\n\t\t<p><span class=\"wpcf7-form-control-wrap\" data-name=\"acceptance-666\"><span class=\"wpcf7-form-control wpcf7-acceptance optional\"><span class=\"wpcf7-list-item\"><label><input type=\"checkbox\" name=\"acceptance-666\" value=\"1\" aria-invalid=\"false\" \/><span class=\"wpcf7-list-item-label\">I am bound by the terms of the Service I accept Privacy Policy<\/span><\/label><\/span><\/span><\/span>\n\t\t<\/p>\n\t<\/div>\n\t<div class=\"col-md-12 p-0\">\n\t\t<p><input class=\"wpcf7-form-control wpcf7-submit has-spinner\" type=\"submit\" value=\"G\u00f6nder\" \/>\n\t\t<\/p>\n\t<\/div>\n<\/div><div class=\"wpcf7-response-output\" aria-hidden=\"true\"><\/div>\n<\/form>\n<\/div>\n\t<\/div>\n\n\t\t\t<\/div>\n\t\t\t\t<\/div>\n\t\t\t\t\t<\/div>\n\t\t<\/div>\n\t\t\t\t\t<\/div>\n\t\t<\/section>\n\t\t\t\t<\/div>\n\t\t","protected":false},"excerpt":{"rendered":"<p>Contact us \u0130stinye Park Al\u0131\u015fveri\u015f Merkezi Katar Bay\u0131r\u0131 Caddesi Kat: -2 No: 162 &#8211; 183 Sar\u0131yer\/\u0130STANBUL (+90) 533 541 1526 info@sariciconsulting.com Ad\u0131n\u0131z E-Mail Adresi Telefon Konu Mesaj\u0131n\u0131z I am bound by the terms of the Service I accept Privacy Policy<\/p>\n","protected":false},"author":1,"featured_media":0,"parent":0,"menu_order":0,"comment_status":"closed","ping_status":"closed","template":"","meta":{"footnotes":""},"class_list":["post-10900","page","type-page","status-publish","hentry"],"_links":{"self":[{"href":"https:\/\/sariciconsulting.com\/en\/wp-json\/wp\/v2\/pages\/10900","targetHints":{"allow":["GET"]}}],"collection":[{"href":"https:\/\/sariciconsulting.com\/en\/wp-json\/wp\/v2\/pages"}],"about":[{"href":"https:\/\/sariciconsulting.com\/en\/wp-json\/wp\/v2\/types\/page"}],"author":[{"embeddable":true,"href":"https:\/\/sariciconsulting.com\/en\/wp-json\/wp\/v2\/users\/1"}],"replies":[{"embeddable":true,"href":"https:\/\/sariciconsulting.com\/en\/wp-json\/wp\/v2\/comments?post=10900"}],"version-history":[{"count":1,"href":"https:\/\/sariciconsulting.com\/en\/wp-json\/wp\/v2\/pages\/10900\/revisions"}],"predecessor-version":[{"id":10901,"href":"https:\/\/sariciconsulting.com\/en\/wp-json\/wp\/v2\/pages\/10900\/revisions\/10901"}],"wp:attachment":[{"href":"https:\/\/sariciconsulting.com\/en\/wp-json\/wp\/v2\/media?parent=10900"}],"curies":[{"name":"wp","href":"https:\/\/api.w.org\/{rel}","templated":true}]}}